{"id":7144,"date":"2022-02-27T23:58:45","date_gmt":"2022-02-27T22:58:45","guid":{"rendered":"https:\/\/ad-dialoguesange.org\/?page_id=7144"},"modified":"2025-05-05T10:53:08","modified_gmt":"2025-05-05T08:53:08","slug":"redirection","status":"publish","type":"page","link":"https:\/\/ad-dialoguesange.org\/hu\/redirection\/","title":{"rendered":"\u00c1tir\u00e1ny\u00edt\u00e1s"},"content":{"rendered":"<h1 class=\"wp-block-heading\">Egyes\u00fclet az Angyallal folytatott p\u00e1rbesz\u00e9dek terjeszt\u00e9s\u00e9\u00e9rt<\/h1>\n\n\n\n<p>Az ADDA \u00faj weboldal\u00e1ra az al\u00e1bbi linkre kattintva juthat el:<\/p>\n\n\n\n<p><a href=\"https:\/\/ad-dialoguesange.org\/hu\/\" target=\"_blank\" rel=\"noreferrer noopener\">https:\/\/ad-dialoguesange.org\/<\/a><\/p>","protected":false},"excerpt":{"rendered":"<p>Association pour la Diffusion des Dialogues avec l'Ange Az ADDA \u00faj honlapj\u00e1nak el\u00e9r\u00e9s\u00e9hez kattintson a k\u00f6vetkez\u0151 linkre: https:\/\/ad-dialoguesange.org\/.<\/p>","protected":false},"author":6,"featured_media":0,"parent":0,"menu_order":0,"comment_status":"closed","ping_status":"closed","template":"","meta":{"footnotes":""},"class_list":["post-7144","page","type-page","status-publish","hentry"],"blocksy_meta":[],"brizy_media":[],"_links":{"self":[{"href":"https:\/\/ad-dialoguesange.org\/hu\/wp-json\/wp\/v2\/pages\/7144","targetHints":{"allow":["GET"]}}],"collection":[{"href":"https:\/\/ad-dialoguesange.org\/hu\/wp-json\/wp\/v2\/pages"}],"about":[{"href":"https:\/\/ad-dialoguesange.org\/hu\/wp-json\/wp\/v2\/types\/page"}],"author":[{"embeddable":true,"href":"https:\/\/ad-dialoguesange.org\/hu\/wp-json\/wp\/v2\/users\/6"}],"replies":[{"embeddable":true,"href":"https:\/\/ad-dialoguesange.org\/hu\/wp-json\/wp\/v2\/comments?post=7144"}],"version-history":[{"count":1,"href":"https:\/\/ad-dialoguesange.org\/hu\/wp-json\/wp\/v2\/pages\/7144\/revisions"}],"predecessor-version":[{"id":7145,"href":"https:\/\/ad-dialoguesange.org\/hu\/wp-json\/wp\/v2\/pages\/7144\/revisions\/7145"}],"wp:attachment":[{"href":"https:\/\/ad-dialoguesange.org\/hu\/wp-json\/wp\/v2\/media?parent=7144"}],"curies":[{"name":"wp","href":"https:\/\/api.w.org\/{rel}","templated":true}]}}