{"id":2901,"date":"2021-09-01T12:00:30","date_gmt":"2021-09-01T10:00:30","guid":{"rendered":"http:\/\/ad-dialoguesange.local\/?page_id=2901"},"modified":"2026-01-06T13:10:30","modified_gmt":"2026-01-06T12:10:30","slug":"faire-part","status":"publish","type":"page","link":"https:\/\/ad-dialoguesange.org\/hu\/dialogues-avec-lange\/gitta-mallasz\/faire-part\/","title":{"rendered":"Mallasz Gitta bejelent\u00e9se"},"content":{"rendered":"<div class=\"brz-root__container brz-reset-all\">\n<section id=\"kpoonthvfdeaslirhztupdhrymopzofwnjjq\" class=\"brz-section brz-css-tuWHk\">\n<div class=\"brz-section__content brz-section--fullWidth brz-css-oBCPE brz-css-fOIE4\" data-brz-custom-id=\"onutyfizykzsywdyzjqnnpbjbfwfturopoia\">\n<div class=\"brz-bg\">\n<div class=\"brz-bg-image\"><\/div>\n<\/div>\n<div class=\"brz-container brz-css-tCOZm brz-css-eYu7J\">\n<div class=\"brz-row__container brz-css-noWyP\" data-brz-custom-id=\"aldglxtkvfjuwpzbdulagfcjdkkssjzsinvr\">\n<div class=\"brz-bg\"><\/div>\n<div class=\"brz-row brz-css-c8xnu brz-css-supuV\">\n<div class=\"brz-columns brz-css-htKWw brz-css-lkaZT\" data-brz-custom-id=\"gifkpnnmufhdeppdkwrslvmpjwqalnqjklil\">\n<div class=\"brz-bg\"><\/div>\n<div class=\"brz-column__items brz-css-mEwAt\">\n<div id class=\"brz-css-uz5DW brz-css-bTtKs brz-wrapper\">\n<div class=\"brz-rich-text brz-rich-text__custom brz-css-mVHxV\" data-brz-custom-id=\"yzquyzguzquirwuogapucvobouvkhaxnldad\">\n<div data-brz-translate-text=\"1\">\n<p class=\"brz-tp-lg-abovetitle brz-css-mIGvf\" data-generated-css=\"brz-css-fmjwv\" data-uniq-id=\"vmixw\"><span class=\"brz-cp-color4\">a bejelent\u00e9s<\/span><\/p>\n<\/div>\n<\/div>\n<\/div>\n<div id class=\"brz-css-uz5DW brz-css-mOtV3 brz-wrapper\">\n<div class=\"brz-rich-text brz-rich-text__custom brz-css-mVHxV\" data-brz-custom-id=\"ghnkojglaykyuzvtoprzenvhlwnvxwostbok\">\n<div data-brz-translate-text=\"1\">\n<p class=\"brz-tp-lg-heading1 brz-css-wVnKb\" data-generated-css=\"brz-css-amzkr\" data-uniq-id=\"qwkoi\"><span class=\"brz-cp-color1\">gitta mallasz<\/span><\/p>\n<\/div>\n<\/div>\n<\/div>\n<\/div>\n<\/div>\n<div class=\"brz-columns brz-css-htKWw brz-css-vZ7PK\" data-brz-custom-id=\"uzzzejkorjidenfhbjfyrqujqglvvzxeukhx\">\n<div class=\"brz-bg\"><\/div>\n<div class=\"brz-column__items brz-css-mEwAt\"><\/div>\n<\/div>\n<\/div>\n<\/div>\n<\/div>\n<\/div>\n<\/section>\n<section id=\"testament\" class=\"brz-section brz-css-tuWHk\">\n<div class=\"brz-section__content brz-section--boxed brz-css-oBCPE brz-css-gfnxt\" data-brz-custom-id=\"crcqemjkvopisabowmxijmijmwxmzkomfacm\">\n<div class=\"brz-bg\">\n<div class=\"brz-bg-color\"><\/div>\n<\/div>\n<div class=\"brz-container brz-css-tCOZm\">\n<div id class=\"brz-css-uz5DW brz-wrapper\">\n<div class=\"brz-rich-text brz-rich-text__custom brz-css-mVHxV\" data-brz-custom-id=\"nqneeldlpxywnxdpzxagmtpzbwwsqgbhawsa\">\n<div data-brz-translate-text=\"1\">\n<p class=\"brz-text-lg-center brz-tp-lg-heading2 brz-css-tS6WQ\" data-uniq-id=\"kishm\" data-generated-css=\"brz-css-movyc\"><span class=\"brz-cp-color2\">Mallasz Gitta bejelent\u00e9se<\/span><\/p>\n<\/div>\n<\/div>\n<\/div>\n<div class=\"brz-row__container brz-css-noWyP\" data-brz-custom-id=\"vgrcefmuszoknfondsgqiqesvmzxehvxqyrm\">\n<div class=\"brz-bg\"><\/div>\n<div class=\"brz-row brz-css-c8xnu brz-css-supuV\">\n<div class=\"brz-columns brz-css-htKWw brz-css-bVgh3\" data-brz-custom-id=\"mnnpfaeyxgdhciklvnuqfwpadxidcaanulxa\">\n<div class=\"brz-bg\"><\/div>\n<div class=\"brz-column__items brz-css-mEwAt\">\n<div id class=\"brz-css-uz5DW brz-wrapper\">\n<div class=\"brz-image brz-css-wCn6S brz-css-iZHRP\" data-brz-custom-id=\"jucaoupzyjzkuiigcpadsbzlwrwspijstuuh\"><img decoding=\"async\" class=\"brz-img\" src=\"%7B@brizy_SITE_URL_PLACEHOLDER@%7D\/?brizy_media=wp-bd1a3bd200b8089463185d18c9efdb22.jpg&amp;brizy_crop=iW%3D302%26iH%3D395%26oX%3D0%26oY%3D0%26cW%3D302%26cH%3D395\" alt=\"\" loading=\"lazy\"><\/div>\n<\/div>\n<\/div>\n<\/div>\n<div class=\"brz-columns brz-css-htKWw brz-css-bef8a\" data-brz-custom-id=\"vcfgxolmrigzdltfnxgvhbmvtgxibajwuxpt\">\n<div class=\"brz-bg\"><\/div>\n<div class=\"brz-column__items brz-css-mEwAt\">\n<div id class=\"brz-css-uz5DW brz-wrapper\">\n<div class=\"brz-rich-text brz-rich-text__custom brz-css-mVHxV\" data-brz-custom-id=\"xjnfxykjfylkmvstkluncirybiehhgzvcjss\">\n<div data-brz-translate-text=\"1\">\n<p data-uniq-id=\"fyytp\" data-generated-css=\"brz-css-qgljy\" class=\"brz-tp-lg-aggizvdrfbxktkstyujynkxewiazqhrrhsjs brz-text-lg-center brz-css-bo999\"><em>Elhagytam a testem<\/em><\/p>\n<p data-uniq-id=\"rbfic\" data-generated-css=\"brz-css-yurgo\" class=\"brz-tp-lg-aggizvdrfbxktkstyujynkxewiazqhrrhsjs brz-text-lg-center brz-css-kxiJj\"><em>Ez az \u00e9rt\u00e9kes eszk\u00f6z, amit kaptam<\/em><\/p>\n<p data-uniq-id=\"fuqtd\" data-generated-css=\"brz-css-jojtp\" class=\"brz-tp-lg-aggizvdrfbxktkstyujynkxewiazqhrrhsjs brz-text-lg-center brz-css-mm0Xx\"><em>Hogy teljes\u00edtsem a f\u00f6ldi feladatom.<\/em><\/p>\n<p data-uniq-id=\"iorut\" data-generated-css=\"brz-css-dbwud\" class=\"brz-tp-lg-aggizvdrfbxktkstyujynkxewiazqhrrhsjs brz-text-lg-center brz-css-ljGkv\"><em>T\u00fals\u00e1gosan elhaszn\u00e1l\u00f3dott.<\/em><\/p>\n<p data-uniq-id=\"gpwpi\" data-generated-css=\"brz-css-amwyd\" class=\"brz-tp-lg-aggizvdrfbxktkstyujynkxewiazqhrrhsjs brz-text-lg-center brz-css-wbwtj\"><em>Tudom, hogy egy m\u00e1sik eszk\u00f6zt fogok kapni.<\/em><\/p>\n<p data-uniq-id=\"gtpex\" data-generated-css=\"brz-css-ezeuj\" class=\"brz-tp-lg-aggizvdrfbxktkstyujynkxewiazqhrrhsjs brz-text-lg-center brz-css-gbYmX\"><em>Jobban megfelel egy \u00faj feladatnak.<\/em><\/p>\n<p data-uniq-id=\"gtpex\" data-generated-css=\"brz-css-ezeuj\" class=\"brz-tp-lg-aggizvdrfbxktkstyujynkxewiazqhrrhsjs brz-text-lg-center brz-css-otrUj\"><em> <\/em><\/p>\n<p data-uniq-id=\"sjsii\" data-generated-css=\"brz-css-mefkk\" class=\"brz-tp-lg-aggizvdrfbxktkstyujynkxewiazqhrrhsjs brz-text-lg-center brz-css-qLtMe\"><em>Neked is van egy feladatod, egy egyedi feladatod.<\/em><\/p>\n<p data-uniq-id=\"ehdtv\" data-generated-css=\"brz-css-urbkw\" class=\"brz-tp-lg-aggizvdrfbxktkstyujynkxewiazqhrrhsjs brz-text-lg-center brz-css-j9brW\"><em>J\u00f3, ha j\u00f3l csin\u00e1ljuk<\/em><\/p>\n<p data-uniq-id=\"ypflh\" data-generated-css=\"brz-css-tfyoc\" class=\"brz-tp-lg-aggizvdrfbxktkstyujynkxewiazqhrrhsjs brz-text-lg-center brz-css-aJrnp\"><em>am\u00edg ez a ritka \u00e9gi aj\u00e1nd\u00e9k<\/em><\/p>\n<p data-uniq-id=\"ugzru\" data-generated-css=\"brz-css-foajz\" class=\"brz-tp-lg-aggizvdrfbxktkstyujynkxewiazqhrrhsjs brz-text-lg-center brz-css-oXRRT\"><em>- a f\u00f6ldi tested -<\/em><\/p>\n<p data-uniq-id=\"ypvxj\" data-generated-css=\"brz-css-tobhx\" class=\"brz-tp-lg-aggizvdrfbxktkstyujynkxewiazqhrrhsjs brz-text-lg-center brz-css-ryoaw\"><em>haszn\u00e1lhat\u00f3<\/em><\/p>\n<p class=\"brz-tp-lg-aggizvdrfbxktkstyujynkxewiazqhrrhsjs brz-text-lg-center brz-css-hjPcM\" data-generated-css=\"brz-css-ipboz\" data-uniq-id=\"lrshe\"><em>K\u00fcl\u00f6nben hi\u00e1ba \u00e9lt\u00e9l.<\/em><\/p>\n<\/div>\n<\/div>\n<\/div>\n<div id class=\"brz-css-uz5DW brz-wrapper\">\n<div class=\"brz-rich-text brz-rich-text__custom brz-css-mVHxV\" data-brz-custom-id=\"zpxhemswlphbawvbcxeolunvdnumacdsynaq\">\n<div data-brz-translate-text=\"1\">\n<p class=\"brz-text-lg-center brz-tp-lg-aggizvdrfbxktkstyujynkxewiazqhrrhsjs brz-css-kO37s\" data-uniq-id=\"hcteo\" data-generated-css=\"brz-css-jnmiy\"><strong>Gitta Mallasz, 1992. m\u00e1jus 25.<\/strong><\/p>\n<\/div>\n<\/div>\n<\/div>\n<\/div>\n<\/div>\n<\/div>\n<\/div>\n<\/div>\n<\/div>\n<\/section>\n<\/div>\n<p><!-- version:1733427300 --><\/p>","protected":false},"excerpt":{"rendered":"<p>Gitta Mallasz bejelent\u00e9se Gitta Mallasz bejelent\u00e9se Elhagytam a testemet Ez a dr\u00e1ga eszk\u00f6z, ami nekem adatott, hogy teljes\u00edtsem a f\u00f6ldi feladatom. Ez m\u00e1r [...]<\/p>","protected":false},"author":6,"featured_media":0,"parent":1668,"menu_order":0,"comment_status":"closed","ping_status":"closed","template":"brizy-blank-template.php","meta":{"footnotes":""},"class_list":["post-2901","page","type-page","status-publish","hentry"],"blocksy_meta":[],"brizy_media":[{"id":17,"url":"https:\/\/ad-dialoguesange.org\/wp-content\/uploads\/brizy\/12\/assets\/images\/b731902c6bf15805972db395c1ec4670.png","name":"b731902c6bf15805972db395c1ec4670.png","meta":{"brizy_attachment_uid":"b731902c6bf15805972db395c1ec4670.png","brizy_post_uid":["2f84a36ecd58db4805c1bf455cb156e7"]}},{"id":21,"url":"https:\/\/ad-dialoguesange.org\/wp-content\/uploads\/2021\/09\/ADDA-Logo-Ange-Carre-512.png","name":"ADDA-Logo-Ange-Carre-512.png","meta":{"brizy_attachment_uid":"wp-0e26c61f6220acd7b5670e75f4e18008.png","brizy_post_uid":["2f84a36ecd58db4805c1bf455cb156e7"]}},{"id":22,"url":"https:\/\/ad-dialoguesange.org\/wp-content\/uploads\/2021\/09\/ADDA-Logo-Ange-Sigle-256.png","name":"ADDA-Logo-Ange-Sigle-256.png","meta":{"brizy_attachment_uid":"wp-47d8bdfabc15a4484df5ecd29291415e.png","brizy_post_uid":["2f84a36ecd58db4805c1bf455cb156e7"]}},{"id":23,"url":"https:\/\/ad-dialoguesange.org\/wp-content\/uploads\/2021\/09\/ADDA-Logo-Ange-Sigle-512.png","name":"ADDA-Logo-Ange-Sigle-512.png","meta":{"brizy_attachment_uid":"wp-5182b25162770d44a7063d49a29b6edc.png","brizy_post_uid":["2f84a36ecd58db4805c1bf455cb156e7"]}},{"id":32,"url":"https:\/\/ad-dialoguesange.org\/wp-content\/uploads\/2021\/09\/DAA-Lumiere-Spirale.jpg","name":"DAA-Lumiere-Spirale.jpg","meta":{"brizy_attachment_uid":"wp-0b1f526303422be80f327f3dfc93942d.jpg","brizy_post_uid":["2f84a36ecd58db4805c1bf455cb156e7","0ad19969d11b3b4898137d11dbb7c09b"]}},{"id":33,"url":"https:\/\/ad-dialoguesange.org\/wp-content\/uploads\/2021\/09\/DAA-Hierarchie_angelique-NB-1.jpg","name":"DAA-Hierarchie_angelique-NB-1.jpg","meta":{"brizy_attachment_uid":"wp-d2c4b8f1579f77191182dcf63bf9e2d4.jpg","brizy_post_uid":["2f84a36ecd58db4805c1bf455cb156e7","0ad19969d11b3b4898137d11dbb7c09b"]}},{"id":35,"url":"https:\/\/ad-dialoguesange.org\/wp-content\/uploads\/2021\/09\/ADDA-Logo-Titre-Complet-1024.png","name":"ADDA-Logo-Titre-Complet-1024.png","meta":{"brizy_attachment_uid":"wp-70037a2ffdf41aa68cee5a066cba7fd0.png","brizy_post_uid":["2f84a36ecd58db4805c1bf455cb156e7"]}},{"id":36,"url":"https:\/\/ad-dialoguesange.org\/wp-content\/uploads\/2021\/09\/ADDA-Logo-Titre-Complet-1280.png","name":"ADDA-Logo-Titre-Complet-1280.png","meta":{"brizy_attachment_uid":"wp-6a0e6bf85e38f5a7c92db7a90d468d34.png","brizy_post_uid":["2f84a36ecd58db4805c1bf455cb156e7"]}},{"id":66,"url":"https:\/\/ad-dialoguesange.org\/wp-content\/uploads\/2021\/09\/dialogues_avec_ange-couverture-fr.jpeg","name":"dialogues_avec_ange-couverture-fr.jpeg","meta":{"brizy_attachment_uid":"wp-eebb61ea2df3bc99dfcf7dfc5745ef9f.jpeg","brizy_post_uid":["2f84a36ecd58db4805c1bf455cb156e7"]}},{"id":79,"url":"https:\/\/ad-dialoguesange.org\/wp-content\/uploads\/2021\/09\/Marguerite_Kardos-Ateliers_DAA.jpg","name":"Marguerite_Kardos-Ateliers_DAA.jpg","meta":{"brizy_attachment_uid":"wp-d34ce4adfadf112790d9530382c77407.jpg","brizy_post_uid":["2f84a36ecd58db4805c1bf455cb156e7"]}},{"id":80,"url":"https:\/\/ad-dialoguesange.org\/wp-content\/uploads\/2021\/09\/DAA-verbatim-E17G-miroir-silence.png","name":"DAA-verbatim-E17G-miroir-silence.png","meta":{"brizy_attachment_uid":"wp-5d6842e4b488e8c2c236b94094cc13bf.png","brizy_post_uid":["2f84a36ecd58db4805c1bf455cb156e7"]}},{"id":1587,"url":"https:\/\/ad-dialoguesange.org\/wp-content\/uploads\/2021\/09\/cropped-ADDA-Logo-Ange-Carre-512.png","name":"cropped-ADDA-Logo-Ange-Carre-512.png","meta":{"brizy_attachment_uid":"wp-43fadc724f9459d459183e75e2da1a68.png","brizy_post_uid":["2f84a36ecd58db4805c1bf455cb156e7"]}},{"id":1611,"url":"https:\/\/ad-dialoguesange.org\/wp-content\/uploads\/2021\/09\/DAA-Les_4_messagers-4.jpg","name":"DAA-Les_4_messagers-4.jpg","meta":{"brizy_attachment_uid":"wp-84746b5de6645df59d45754bbe3189aa.jpg","brizy_post_uid":["2f84a36ecd58db4805c1bf455cb156e7"]}},{"id":1613,"url":"https:\/\/ad-dialoguesange.org\/wp-content\/uploads\/2021\/09\/ADDA-Marguerite_Kardos-Forum-104.jpg","name":"ADDA-Marguerite_Kardos-Forum-104.jpg","meta":{"brizy_attachment_uid":"wp-417c5cf857e78ecfd711cd3eb37b8691.jpg","brizy_post_uid":["2f84a36ecd58db4805c1bf455cb156e7"]}},{"id":1614,"url":"https:\/\/ad-dialoguesange.org\/wp-content\/uploads\/2021\/09\/Gitta_Mallasz-Portrait.jpg","name":"Gitta_Mallasz-Portrait.jpg","meta":{"brizy_attachment_uid":"wp-0d9a5420fefa3aac54fffbe0ecd6d29e.jpg","brizy_post_uid":["2f84a36ecd58db4805c1bf455cb156e7"]}},{"id":1620,"url":"https:\/\/ad-dialoguesange.org\/wp-content\/uploads\/2021\/09\/DAA-chandelier_livres.jpg","name":"DAA-chandelier_livres.jpg","meta":{"brizy_attachment_uid":"wp-f8e914419ac32f5abbe51faee534378b.jpg","brizy_post_uid":["2f84a36ecd58db4805c1bf455cb156e7"]}},{"id":1621,"url":"https:\/\/ad-dialoguesange.org\/wp-content\/uploads\/2021\/09\/INREES-Marguerite_Kardos-Ange.jpg","name":"INREES-Marguerite_Kardos-Ange.jpg","meta":{"brizy_attachment_uid":"wp-493f5f468288082bdeb46ba18d975468.jpg","brizy_post_uid":["2f84a36ecd58db4805c1bf455cb156e7"]}},{"id":1622,"url":"https:\/\/ad-dialoguesange.org\/wp-content\/uploads\/2021\/09\/ACOTV-Marguerite_Kardos-Message_DAA-HD.jpg","name":"ACOTV-Marguerite_Kardos-Message_DAA-HD.jpg","meta":{"brizy_attachment_uid":"wp-fb3a4049bfdc50077051c42f840c2a90.jpg","brizy_post_uid":["2f84a36ecd58db4805c1bf455cb156e7"]}},{"id":1642,"url":"https:\/\/ad-dialoguesange.org\/wp-content\/uploads\/2021\/09\/DAA-editions_du_monde-1024.jpg","name":"DAA-editions_du_monde-1024.jpg","meta":{"brizy_attachment_uid":"wp-435764ced7aca7c56b7108dc053fc73f.jpg","brizy_post_uid":["2f84a36ecd58db4805c1bf455cb156e7"]}},{"id":1675,"url":"https:\/\/ad-dialoguesange.org\/wp-content\/uploads\/2021\/09\/Gitta_Mallasz-Carte_identite.jpg","name":"Gitta_Mallasz-Carte_identite.jpg","meta":{"brizy_attachment_uid":"wp-5c61bb8dd13ecd21dd2291b4871493a0.jpg","brizy_post_uid":["2f84a36ecd58db4805c1bf455cb156e7"]}},{"id":1676,"url":"https:\/\/ad-dialoguesange.org\/wp-content\/uploads\/2021\/09\/Les_dialogues_ou_le_saut_dans_linconnu-Couverture.png","name":"Les_dialogues_ou_le_saut_dans_linconnu-Couverture.png","meta":{"brizy_attachment_uid":"wp-a59be6905819bef7d7d0388122ad7a57.png","brizy_post_uid":["2f84a36ecd58db4805c1bf455cb156e7"]}},{"id":1677,"url":"https:\/\/ad-dialoguesange.org\/wp-content\/uploads\/2021\/09\/Les_dialogues_ou_lenfant_ne_sans_parents-Couverture.png","name":"Les_dialogues_ou_lenfant_ne_sans_parents-Couverture.png","meta":{"brizy_attachment_uid":"wp-89b13dde4c95038eb80fda22ca531382.png","brizy_post_uid":["2f84a36ecd58db4805c1bf455cb156e7"]}},{"id":1678,"url":"https:\/\/ad-dialoguesange.org\/wp-content\/uploads\/2021\/09\/Les_dialogues_tels_que_je_les_ai_vecus-Couverture.png","name":"Les_dialogues_tels_que_je_les_ai_vecus-Couverture.png","meta":{"brizy_attachment_uid":"wp-980117141226749661ecc3d6a269cb90.png","brizy_post_uid":["2f84a36ecd58db4805c1bf455cb156e7"]}},{"id":1679,"url":"https:\/\/ad-dialoguesange.org\/wp-content\/uploads\/2021\/09\/Petits_dialogues_dhier_et_daujourdhui-Couverture.png","name":"Petits_dialogues_dhier_et_daujourdhui-Couverture.png","meta":{"brizy_attachment_uid":"wp-0285eef66eef6cffb01eb86cd592f2a2.png","brizy_post_uid":["2f84a36ecd58db4805c1bf455cb156e7"]}},{"id":1680,"url":"https:\/\/ad-dialoguesange.org\/wp-content\/uploads\/2021\/09\/Morgen_Aube-Couverture.jpg","name":"Morgen_Aube-Couverture.jpg","meta":{"brizy_attachment_uid":"wp-6af386a73c8345df03d92f43d9cfbc98.jpg","brizy_post_uid":["2f84a36ecd58db4805c1bf455cb156e7"]}},{"id":1730,"url":"https:\/\/ad-dialoguesange.org\/wp-content\/uploads\/2021\/09\/Marguerite_Kardos-Roger_Grozelier.jpg","name":"Marguerite_Kardos-Roger_Grozelier.jpg","meta":{"brizy_attachment_uid":"wp-68526a2e369578ddf1e2c943ea5abe57.jpg","brizy_post_uid":["2f84a36ecd58db4805c1bf455cb156e7"]}},{"id":1853,"url":"https:\/\/ad-dialoguesange.org\/wp-content\/uploads\/2021\/09\/ADDA-Tableau_Liens_Amis.png","name":"ADDA-Tableau_Liens_Amis.png","meta":{"brizy_attachment_uid":"wp-7dfadc22e840381a4a9595c4f8abd48b.png","brizy_post_uid":["2f84a36ecd58db4805c1bf455cb156e7"]}},{"id":2066,"url":"https:\/\/ad-dialoguesange.org\/wp-content\/uploads\/2021\/10\/Chandelier-7-branches.png","name":"Chandelier-7-branches.png","meta":{"brizy_attachment_uid":"wp-b7f058098bc11ed0718497df548b095d.png","brizy_post_uid":["2f84a36ecd58db4805c1bf455cb156e7"]}},{"id":2355,"url":"https:\/\/ad-dialoguesange.org\/wp-content\/uploads\/2021\/10\/Le_dernier_convoi-Couverture.jpg","name":"Le_dernier_convoi-Couverture.jpg","meta":{"brizy_attachment_uid":"wp-fec7be8586521bd8c7af12078abf4735.jpg","brizy_post_uid":["2f84a36ecd58db4805c1bf455cb156e7"]}},{"id":2385,"url":"https:\/\/ad-dialoguesange.org\/wp-content\/uploads\/2021\/10\/La_source_blanche-Couverture.jpg","name":"La_source_blanche-Couverture.jpg","meta":{"brizy_attachment_uid":"wp-c4fcbcf4bd3096d90093dc0d67db8c5b.jpg","brizy_post_uid":["2f84a36ecd58db4805c1bf455cb156e7"]}},{"id":2494,"url":"https:\/\/ad-dialoguesange.org\/wp-content\/uploads\/2021\/11\/Morgen_Aube-Couverture.jpg","name":"Morgen_Aube-Couverture.jpg","meta":{"brizy_attachment_uid":"wp-a428a6b390eb653c8de7fbebb93cde34.jpg","brizy_post_uid":["2f84a36ecd58db4805c1bf455cb156e7"]}},{"id":2924,"url":"https:\/\/ad-dialoguesange.org\/wp-content\/uploads\/2021\/11\/Gitta_Mallasz-Faire_part-Photo.jpg","name":"Gitta_Mallasz-Faire_part-Photo.jpg","meta":{"brizy_attachment_uid":"wp-bd1a3bd200b8089463185d18c9efdb22.jpg","brizy_post_uid":["2f84a36ecd58db4805c1bf455cb156e7"]}},{"id":2960,"url":"https:\/\/ad-dialoguesange.org\/wp-content\/uploads\/2021\/11\/Marguerite_Kardos-Portrait_Home-Carre.jpg","name":"Marguerite_Kardos-Portrait_Home-Carre.jpg","meta":{"brizy_attachment_uid":"wp-d5ade98a7065c1baca826b0c0e3254aa.jpg","brizy_post_uid":["2f84a36ecd58db4805c1bf455cb156e7"]}},{"id":3094,"url":"https:\/\/ad-dialoguesange.org\/wp-content\/uploads\/2021\/11\/Aurelie_Chalbos-Dialogues_Ange-600.jpg","name":"Aurelie_Chalbos-Dialogues_Ange-600.jpg","meta":{"brizy_attachment_uid":"wp-2becb75a55f78910df621c2b2853b9e3.jpg","brizy_post_uid":["2f84a36ecd58db4805c1bf455cb156e7"]}},{"id":4014,"url":"https:\/\/ad-dialoguesange.org\/wp-content\/uploads\/1989\/06\/dites-moi-gitta-mallasz.jpeg","name":"dites-moi-gitta-mallasz.jpeg","meta":{"brizy_attachment_uid":"wp-888dea3d93a0d80f8ea6453b3a5c3544.jpeg","brizy_post_uid":["2f84a36ecd58db4805c1bf455cb156e7"]}},{"id":4033,"url":"https:\/\/ad-dialoguesange.org\/wp-content\/uploads\/2018\/12\/bang-hai-jai-souffle-lumiere.jpeg","name":"bang-hai-jai-souffle-lumiere.jpeg","meta":{"brizy_attachment_uid":"wp-7846eff74a953f14320697ebb9360cdc.jpeg","brizy_post_uid":["2f84a36ecd58db4805c1bf455cb156e7"]}},{"id":4099,"url":"https:\/\/ad-dialoguesange.org\/wp-content\/uploads\/2014\/03\/bang-hai-ja-peindre-la-lumiere.jpeg","name":"bang-hai-ja-peindre-la-lumiere.jpeg","meta":{"brizy_attachment_uid":"wp-2795d4e39e34db3f320d018d5ae35407.jpeg","brizy_post_uid":["2f84a36ecd58db4805c1bf455cb156e7"]}},{"id":4101,"url":"https:\/\/ad-dialoguesange.org\/wp-content\/uploads\/2014\/02\/Morgen_coreen_S.jpg","name":"Morgen_coreen_S.jpg","meta":{"brizy_attachment_uid":"wp-15176b971c768c35128671430061b728.jpg","brizy_post_uid":["2f84a36ecd58db4805c1bf455cb156e7"]}},{"id":4121,"url":"https:\/\/ad-dialoguesange.org\/wp-content\/uploads\/2021\/12\/Photo-Gitta-jeune.jpg","name":"Photo-Gitta-jeune.jpg","meta":{"brizy_attachment_uid":"wp-f5dcf7a802c25601b5e0f30cd754a6d8.jpg","brizy_post_uid":["2f84a36ecd58db4805c1bf455cb156e7"]}},{"id":4122,"url":"https:\/\/ad-dialoguesange.org\/wp-content\/uploads\/2021\/12\/Photo-Hanna-et-Joseph.jpg","name":"Photo-Hanna-et-Joseph.jpg","meta":{"brizy_attachment_uid":"wp-755f53cdfacecd8dde28f51c1d881ec6.jpg","brizy_post_uid":["2f84a36ecd58db4805c1bf455cb156e7"]}},{"id":4123,"url":"https:\/\/ad-dialoguesange.org\/wp-content\/uploads\/2021\/12\/Photo-lilly.jpg","name":"Photo-lilly.jpg","meta":{"brizy_attachment_uid":"wp-a2b0632ba724c1799b4c4f1436b90d47.jpg","brizy_post_uid":["2f84a36ecd58db4805c1bf455cb156e7"]}},{"id":4124,"url":"https:\/\/ad-dialoguesange.org\/wp-content\/uploads\/2021\/12\/les-dialogues-ou-l_enfant-ne\u0301-sans-parents.jpg","name":"les-dialogues-ou-l_enfant-ne\u0301-sans-parents.jpg","meta":{"brizy_attachment_uid":"wp-580835af1f083333979b5dc37a9da84a.jpg","brizy_post_uid":["2f84a36ecd58db4805c1bf455cb156e7"]}},{"id":4125,"url":"https:\/\/ad-dialoguesange.org\/wp-content\/uploads\/2021\/12\/les-dialogues-ou-le-saut-dans-l_inconnu.jpg","name":"les-dialogues-ou-le-saut-dans-l_inconnu.jpg","meta":{"brizy_attachment_uid":"wp-eac71dc4588c51a9724d76bcdebd37ca.jpg","brizy_post_uid":["2f84a36ecd58db4805c1bf455cb156e7"]}},{"id":4126,"url":"https:\/\/ad-dialoguesange.org\/wp-content\/uploads\/2021\/12\/les-dialogues-tels-que-je-les-ai-ve\u0301cus.jpg","name":"les-dialogues-tels-que-je-les-ai-ve\u0301cus.jpg","meta":{"brizy_attachment_uid":"wp-419a6981d532ff83acf0d63aa2bcd2b9.jpg","brizy_post_uid":["2f84a36ecd58db4805c1bf455cb156e7"]}},{"id":4127,"url":"https:\/\/ad-dialoguesange.org\/wp-content\/uploads\/2021\/12\/Morgen.jpg","name":"Morgen.jpg","meta":{"brizy_attachment_uid":"wp-794f323ec97be16a5c0e4ae47528d276.jpg","brizy_post_uid":["2f84a36ecd58db4805c1bf455cb156e7"]}},{"id":4128,"url":"https:\/\/ad-dialoguesange.org\/wp-content\/uploads\/2021\/12\/petits-dialogues-d_hier-et-aujourd_hui.jpg","name":"petits-dialogues-d_hier-et-aujourd_hui.jpg","meta":{"brizy_attachment_uid":"wp-f47461bec3b876f1229da3171228880d.jpg","brizy_post_uid":["2f84a36ecd58db4805c1bf455cb156e7"]}},{"id":4130,"url":"https:\/\/ad-dialoguesange.org\/wp-content\/uploads\/2021\/12\/La-source-blanche-1080.jpg","name":"La-source-blanche-1080.jpg","meta":{"brizy_attachment_uid":"wp-6ee3165114236f598c4a3d57e6ac14a5.jpg","brizy_post_uid":["2f84a36ecd58db4805c1bf455cb156e7"]}},{"id":4131,"url":"https:\/\/ad-dialoguesange.org\/wp-content\/uploads\/2021\/12\/Le-dernier-convoi-1080.jpg","name":"Le-dernier-convoi-1080.jpg","meta":{"brizy_attachment_uid":"wp-38a6455ba522af215555bc00acee066a.jpg","brizy_post_uid":["2f84a36ecd58db4805c1bf455cb156e7"]}},{"id":5211,"url":"https:\/\/ad-dialoguesange.org\/wp-content\/uploads\/2022\/02\/facebook_1645195760956_6900451160964725130.jpg","name":"facebook_1645195760956_6900451160964725130.jpg","meta":{"brizy_attachment_uid":"wp-4cde979dddf53d1b6cf230d5033a4d95.jpg","brizy_post_uid":["2f84a36ecd58db4805c1bf455cb156e7"]}},{"id":5212,"url":"https:\/\/ad-dialoguesange.org\/wp-content\/uploads\/2022\/02\/Photo-pour-illustrer-les-groupes-scaled.jpg","name":"Photo-pour-illustrer-les-groupes.jpg","meta":{"brizy_attachment_uid":"wp-3b2e45e20758974b944a367257584afa.jpg","brizy_post_uid":["2f84a36ecd58db4805c1bf455cb156e7"]}},{"id":6152,"url":"https:\/\/ad-dialoguesange.org\/wp-content\/uploads\/2022\/02\/Photo-Gitta.png","name":"Photo-Gitta.png","meta":{"brizy_attachment_uid":"wp-56095db47fc11ecefa770c602c956671.png","brizy_post_uid":["2f84a36ecd58db4805c1bf455cb156e7"]}},{"id":6153,"url":"https:\/\/ad-dialoguesange.org\/wp-content\/uploads\/2022\/02\/Photo-Hanna.png","name":"Photo-Hanna.png","meta":{"brizy_attachment_uid":"wp-e3dbb797cdec39d8f83e82367ab17d15.png","brizy_post_uid":["2f84a36ecd58db4805c1bf455cb156e7"]}},{"id":6154,"url":"https:\/\/ad-dialoguesange.org\/wp-content\/uploads\/2022\/02\/Photo-Joseph.png","name":"Photo-Joseph.png","meta":{"brizy_attachment_uid":"wp-c6dc091e7d2ddd0c1b35a16147d039e1.png","brizy_post_uid":["2f84a36ecd58db4805c1bf455cb156e7"]}},{"id":6155,"url":"https:\/\/ad-dialoguesange.org\/wp-content\/uploads\/2022\/02\/Photo-Lili.png","name":"Photo-Lili.png","meta":{"brizy_attachment_uid":"wp-bbb6a26ae18fa72a2bfc85efa8b67127.png","brizy_post_uid":["2f84a36ecd58db4805c1bf455cb156e7"]}},{"id":6156,"url":"https:\/\/ad-dialoguesange.org\/wp-content\/uploads\/2022\/02\/DAA-Les_4_messagers-4-1.png","name":"DAA-Les_4_messagers-4-1.png","meta":{"brizy_attachment_uid":"wp-bdba34574070c232888f9da76fde9b8f.png","brizy_post_uid":["2f84a36ecd58db4805c1bf455cb156e7"]}},{"id":7548,"url":"https:\/\/ad-dialoguesange.org\/wp-content\/uploads\/2022\/03\/IMG-2656-scaled.jpg","name":"IMG-2656.jpg","meta":{"brizy_attachment_uid":"wp-29bd2176a415ab14295ae764908d73b5.jpg","brizy_post_uid":["2f84a36ecd58db4805c1bf455cb156e7"]}},{"id":8446,"url":"https:\/\/ad-dialoguesange.org\/wp-content\/uploads\/2022\/07\/ADDA-Logo-Titre-Complet-512.png","name":"ADDA-Logo-Titre-Complet-512.png","meta":{"brizy_attachment_uid":"wp-aa801fd68a9c6bf6b9df57cfa733f69b.png","brizy_post_uid":["2f84a36ecd58db4805c1bf455cb156e7"]}},{"id":8454,"url":"https:\/\/ad-dialoguesange.org\/wp-content\/uploads\/2022\/07\/ADDA-Logo-Ange-Sigle-Blanc-512.png","name":"ADDA-Logo-Ange-Sigle-Blanc-512.png","meta":{"brizy_attachment_uid":"wp-ef986fcd90d916b839a3e48aa33a6bf2.png","brizy_post_uid":["2f84a36ecd58db4805c1bf455cb156e7"]}},{"id":8457,"url":"https:\/\/ad-dialoguesange.org\/wp-content\/uploads\/2022\/07\/ADDA-Logo-Titre-Blanc-1024.png","name":"ADDA-Logo-Titre-Blanc-1024.png","meta":{"brizy_attachment_uid":"wp-606e17b42d55e6bcac62465930877f22.png","brizy_post_uid":["2f84a36ecd58db4805c1bf455cb156e7"]}},{"id":10798,"url":"https:\/\/ad-dialoguesange.org\/wp-content\/uploads\/2023\/09\/AquaLingua_Gitta-Mallasz_50x50-2500-pixel.jpg","name":"AquaLingua_Gitta-Mallasz_50x50-2500-pixel.jpg","meta":{"brizy_attachment_uid":"wp-f596d0f8c7ac77db9ea9e2de10c11ef0.jpg","brizy_post_uid":["2f84a36ecd58db4805c1bf455cb156e7"]}},{"id":12067,"url":"https:\/\/ad-dialoguesange.org\/wp-content\/uploads\/2022\/01\/720x288.jpeg","name":"720x288.jpeg","meta":{"brizy_attachment_uid":"wp-9eb23262b3bef84834c5a83288160c62.jpeg","brizy_post_uid":["2f84a36ecd58db4805c1bf455cb156e7"]}},{"id":14261,"url":"https:\/\/ad-dialoguesange.org\/wp-content\/uploads\/2026\/02\/photo-tableau-contact-groupe-2026-02-19.png","name":"photo-tableau-contact-groupe-2026-02-19.png","meta":{"brizy_attachment_uid":"wp-403d0323e57821f47a03d6d1ceceb99e.png","brizy_post_uid":["2f84a36ecd58db4805c1bf455cb156e7"]}}],"_links":{"self":[{"href":"https:\/\/ad-dialoguesange.org\/hu\/wp-json\/wp\/v2\/pages\/2901","targetHints":{"allow":["GET"]}}],"collection":[{"href":"https:\/\/ad-dialoguesange.org\/hu\/wp-json\/wp\/v2\/pages"}],"about":[{"href":"https:\/\/ad-dialoguesange.org\/hu\/wp-json\/wp\/v2\/types\/page"}],"author":[{"embeddable":true,"href":"https:\/\/ad-dialoguesange.org\/hu\/wp-json\/wp\/v2\/users\/6"}],"replies":[{"embeddable":true,"href":"https:\/\/ad-dialoguesange.org\/hu\/wp-json\/wp\/v2\/comments?post=2901"}],"version-history":[{"count":2,"href":"https:\/\/ad-dialoguesange.org\/hu\/wp-json\/wp\/v2\/pages\/2901\/revisions"}],"predecessor-version":[{"id":13320,"href":"https:\/\/ad-dialoguesange.org\/hu\/wp-json\/wp\/v2\/pages\/2901\/revisions\/13320"}],"up":[{"embeddable":true,"href":"https:\/\/ad-dialoguesange.org\/hu\/wp-json\/wp\/v2\/pages\/1668"}],"wp:attachment":[{"href":"https:\/\/ad-dialoguesange.org\/hu\/wp-json\/wp\/v2\/media?parent=2901"}],"curies":[{"name":"wp","href":"https:\/\/api.w.org\/{rel}","templated":true}]}}